{"id":702,"date":"2023-12-01T14:32:39","date_gmt":"2023-12-01T14:32:39","guid":{"rendered":"https:\/\/casaledioto.com\/?page_id=702"},"modified":"2023-12-01T14:35:16","modified_gmt":"2023-12-01T14:35:16","slug":"il-nostro-nome","status":"publish","type":"page","link":"https:\/\/casaledioto.com\/it\/il-nostro-nome\/","title":{"rendered":"Il nostro nome"},"content":{"rendered":"<div data-elementor-type=\"wp-page\" data-elementor-id=\"702\" class=\"elementor elementor-702\" data-elementor-post-type=\"page\">\n\t\t\t\t<div class=\"elementor-element elementor-element-8ade005 e-flex e-con-boxed e-con e-parent\" data-id=\"8ade005\" data-element_type=\"container\" data-e-type=\"container\">\n\t\t\t\t\t<div class=\"e-con-inner\">\n\t\t\t\t<div class=\"elementor-element elementor-element-5917001 elementor-widget elementor-widget-heading\" data-id=\"5917001\" data-element_type=\"widget\" data-e-type=\"widget\" data-widget_type=\"heading.default\">\n\t\t\t\t<div class=\"elementor-widget-container\">\n\t\t\t\t\t<h2 class=\"elementor-heading-title elementor-size-default\">Da dove deriva il nome?<\/h2>\t\t\t\t<\/div>\n\t\t\t\t<\/div>\n\t\t\t\t<div class=\"elementor-element elementor-element-dd224c6 elementor-widget elementor-widget-text-editor\" data-id=\"dd224c6\" data-element_type=\"widget\" data-e-type=\"widget\" data-widget_type=\"text-editor.default\">\n\t\t\t\t<div class=\"elementor-widget-container\">\n\t\t\t\t\t\t\t\t\t<p>Come gi\u00e0 detto, lavorare sulle costruzioni era un hobby di Theo. Ma Theo ha anche un altro hobby. Il suo trattore d'epoca! Una volta Theo ha acquistato il vecchio trattore di marca Oto in Italia e lo ha trasportato nei Paesi Bassi. Si diverte a fare il fieno qua e l\u00e0 nel vecchio modo nostalgico. O semplicemente per andare in giro. Soprattutto in occasione degli eventi che il suo villaggio Geffen organizza annualmente, il nostalgico Roggemaaien e il mercato contadino \"Effe noar Geffe\", il trattore \u00e8 stato utilizzato. Al mercato contadino con vecchi mestieri, il trattore era una bella aggiunta insieme ai falciatori di segale (di cui Theo e Irma erano membri). Da quando il trattore era di propriet\u00e0, la segale veniva ora falciata in gran parte con la falciatrice-legatrice.<\/p><p>\u00a0<\/p><p>Quando si decise di emigrare in Italia, ci si liber\u00f2 di molte cose. Perch\u00e9, caspita, quante cose una persona colleziona! Il vecchio Oto pot\u00e9 rimanere. \u00c8 stata rimessa in viaggio per tornare nel suo paese d'origine.<\/p><p>Oto Melare C25 (questo il suo nome per esteso) \u00e8 Made in Italy, per la precisione a La Spezia.<\/p><p>Il trattore ha trovato un bel posto nel cortile del nostro Casale. Chiedete a Theo se vuole metterlo in moto. \u00c8 felice di farlo. E guardatelo! Il solo suono prodotto dalla vecchia macchina d'epoca fa sorridere Theo.<\/p>\t\t\t\t\t\t\t\t<\/div>\n\t\t\t\t<\/div>\n\t\t\t\t\t<\/div>\n\t\t\t\t<\/div>\n\t\t<div class=\"elementor-element elementor-element-1520eaf e-flex e-con-boxed e-con e-parent\" data-id=\"1520eaf\" data-element_type=\"container\" data-e-type=\"container\">\n\t\t\t\t\t<div class=\"e-con-inner\">\n\t\t\t\t<div class=\"elementor-element elementor-element-cc834b3 elementor-widget elementor-widget-video\" data-id=\"cc834b3\" data-element_type=\"widget\" data-e-type=\"widget\" data-settings=\"{&quot;youtube_url&quot;:&quot;https:\\\/\\\/www.youtube.com\\\/watch?v=hKOHIsU-4pc&quot;,&quot;autoplay&quot;:&quot;yes&quot;,&quot;mute&quot;:&quot;yes&quot;,&quot;lazy_load&quot;:&quot;yes&quot;,&quot;video_type&quot;:&quot;youtube&quot;}\" data-widget_type=\"video.default\">\n\t\t\t\t<div class=\"elementor-widget-container\">\n\t\t\t\t\t\t\t<div class=\"elementor-wrapper elementor-open-inline\">\n\t\t\t<div class=\"elementor-video\"><\/div>\t\t<\/div>\n\t\t\t\t\t\t<\/div>\n\t\t\t\t<\/div>\n\t\t\t\t\t<\/div>\n\t\t\t\t<\/div>\n\t\t\t\t<\/div>","protected":false},"excerpt":{"rendered":"<p>Waar komt de naam vandaan? Zoals gezegd, werken op de bouw was een hobby van Theo. Maar Theo heeft n\u00f3g een hobby. Zijn oldtimer tractor! Het oude ding van het merk Oto heeft Theo ooit eens gekocht in Itali\u00eb en getransporteerd naar Nederland. Volop genieten om hier en daar een perceeltje te hooien op de [&hellip;]<\/p>\n","protected":false},"author":1,"featured_media":0,"parent":0,"menu_order":0,"comment_status":"closed","ping_status":"closed","template":"elementor_header_footer","meta":{"_acf_changed":false,"footnotes":""},"class_list":["post-702","page","type-page","status-publish","hentry"],"acf":[],"_links":{"self":[{"href":"https:\/\/casaledioto.com\/it\/wp-json\/wp\/v2\/pages\/702","targetHints":{"allow":["GET"]}}],"collection":[{"href":"https:\/\/casaledioto.com\/it\/wp-json\/wp\/v2\/pages"}],"about":[{"href":"https:\/\/casaledioto.com\/it\/wp-json\/wp\/v2\/types\/page"}],"author":[{"embeddable":true,"href":"https:\/\/casaledioto.com\/it\/wp-json\/wp\/v2\/users\/1"}],"replies":[{"embeddable":true,"href":"https:\/\/casaledioto.com\/it\/wp-json\/wp\/v2\/comments?post=702"}],"version-history":[{"count":4,"href":"https:\/\/casaledioto.com\/it\/wp-json\/wp\/v2\/pages\/702\/revisions"}],"predecessor-version":[{"id":706,"href":"https:\/\/casaledioto.com\/it\/wp-json\/wp\/v2\/pages\/702\/revisions\/706"}],"wp:attachment":[{"href":"https:\/\/casaledioto.com\/it\/wp-json\/wp\/v2\/media?parent=702"}],"curies":[{"name":"wp","href":"https:\/\/api.w.org\/{rel}","templated":true}]}}